{"id":338,"date":"2018-03-19T11:52:50","date_gmt":"2018-03-19T08:52:50","guid":{"rendered":"https:\/\/zti.com.tr\/affiliate\/?page_id=338"},"modified":"2018-03-19T14:27:09","modified_gmt":"2018-03-19T11:27:09","slug":"nasil-entegre-edilir","status":"publish","type":"page","link":"https:\/\/zti.com.tr\/affiliate\/nasil-entegre-edilir\/","title":{"rendered":"Nas\u0131l Entegre Edilir ?"},"content":{"rendered":"<p>Arkada\u015flar reflink AffCode sat\u0131\u015f ortakl\u0131\u011f\u0131m\u0131z da yaln\u0131zca DI\u015eHAT U\u00c7AK biletleri sat\u0131lmaktad\u0131r.<br \/>\n2000 y\u0131l\u0131ndan beri IATA VE TURSAB \u00fcyesi YETK\u0130L\u0130 acentay\u0131z.<br \/>\nD\u0131\u015f Hat T\u00fcm D\u00fcnya Havayollar\u0131n\u0131n sat\u0131\u015f ortakl\u0131\u011f\u0131n\u0131 sunuyoruz.<\/p>\n<p><strong>Sat\u0131lan her bir DI\u015e HAT biletten 30 TL komisyon veriyoruz.<\/strong><\/p>\n<ul>\n<li>\n<h5><strong>Sat\u0131\u015f ortakl\u0131\u011f\u0131nda olmas\u0131 gereken t\u00fcm kolayl\u0131klar bizde!<\/strong><\/h5>\n<\/li>\n<\/ul>\n<p><strong>1<\/strong>: Kargo problemi olmayan (M\u00fc\u015fteri\/Yolcu siteden 3D Secure \u0130le \u00d6der ve bileti kendisine SMS ya da e-mail ile ula\u015fm\u0131\u015f olur.)<br \/>\n<strong>2<\/strong>: Devaml\u0131 talep olan<br \/>\nSadece THY&#8217;den 380 milyon adet bilet sat\u0131ld\u0131, di\u011fer havayollar\u0131n\u0131 yazmad\u0131m bile. Bunlar\u0131n b\u00fcy\u00fck bir k\u0131sm\u0131 biletlerini interneti kullanarak ald\u0131lar.<br \/>\n<strong>3<\/strong>: Fatura kesmenize gerek olmadan<br \/>\nBiletin kendisi fatura yerine ge\u00e7er.<br \/>\n<strong>4<\/strong>: Panelli alt yap\u0131m\u0131z ile devaml\u0131 kazanaca\u011f\u0131n\u0131z sistemimizi g\u00fcncelledik<br \/>\n\u015eeffaf, d\u00fcr\u00fcst ve yan\u0131ltmaca yap\u0131lmas\u0131 imkans\u0131z.<br \/>\n<strong>5<\/strong>: G\u00fcvenli kaliteli \u00fcr\u00fcn<\/p>\n<p><strong>DI\u015eHATLARDA<\/strong>; T\u00fcm d\u00fcnya havayollar\u0131 mevcuttur&#8230; Bayrak ta\u015f\u0131y\u0131c\u0131 havayolumuz olan T\u00fcrk Hava Yollar\u0131 ( THY ) &#8211; American Airlines, Lufthansa , \u0130beria , Delta, KLM , Air France, Aeroswit, British Airways, Aeroflot, Emirates, Air Baltic , Gulfair, Qatar, Swiss, Austrian, SAS gibi ve daha bir\u00e7ok IATA \u00fcyesi B\u00fct\u00fcn havayollar\u0131na online rezervasyon yap\u0131p online sat\u0131\u015f\u0131n\u0131 yapabilirsiniz.<\/p>\n<p><strong>www.zti.com.tr\/?affcode=XXXXX<\/strong> \u015eeklindeki Size Verdi\u011fimiz AffCode Kodunuzu Kullanarak linkleme ya da y\u00f6nlendirme yap\u0131yorsunuz.<br \/>\n<em>(XXXXX size verilecek olan AffCode k\u0131sm\u0131d\u0131r, \u00fcyeli\u011finiz ger\u00e7ekle\u015fti\u011finde ancak bu koda sahip olabileceksiniz)<\/em><\/p>\n<p>Bu sistem; 8 farkl\u0131 boyuttaki reklam bannerlar\u0131m\u0131z\u0131 sitenize\/sitelerinize ekleyerek, e\u011fer siteniz yoksa Facebook Grubu, Twitter Hesab\u0131, Google+ Hesab\u0131 gibi payla\u015f\u0131m yapabilece\u011finiz yerlerde link veya izinli e-posta abonelikleri gibi t\u00fcm uygulamalar ile internet \u00fczerinden herkese bilet satmak i\u00e7indir.<\/p>\n<p><small><b style=\"color: #ff0000;\">D\u0130KKAT:<\/b> herhangi bir yerde, d\u00fckkan ve ofislerde, telefon veya kont\u00f6r bayilerinde m\u00fc\u015fteri ile birebir sat\u0131\u015f yapman\u0131z TURSAB belgesi olmadan yasakt\u0131r ve su\u00e7tur. Yeni 8 farkl\u0131 banner ve reflink AffCode ile int tecr\u00fcbe ve bilgilerinizi kullanarak bizim reklamlar\u0131m\u0131z\u0131 yaparsan\u0131z \u00e7ok g\u00fczel kazan\u00e7lar elde edebileceksiniz. Ayr\u0131ca; sitelerinizi ve bilgilerinizi mesai saatleri i\u00e7inde bize s\u00f6yledi\u011finizde reklam banner yerle\u015fimi kurulumuna \u00fccretsiz destek oluyoruz.<\/small><\/p>\n<p>Sayg\u0131lar\u0131m\u0131zla<\/p>\n","protected":false},"excerpt":{"rendered":"<p>Arkada\u015flar reflink AffCode sat\u0131\u015f ortakl\u0131\u011f\u0131m\u0131z da yaln\u0131zca DI\u015eHAT U\u00c7AK biletleri sat\u0131lmaktad\u0131r. 2000 y\u0131l\u0131ndan beri IATA VE TURSAB <a href=\"https:\/\/zti.com.tr\/affiliate\/nasil-entegre-edilir\/\" class=\"more-link\">Devam\u0131<\/a><\/p>\n","protected":false},"author":1,"featured_media":0,"parent":0,"menu_order":0,"comment_status":"closed","ping_status":"closed","template":"","meta":[],"_links":{"self":[{"href":"https:\/\/zti.com.tr\/affiliate\/wp-json\/wp\/v2\/pages\/338"}],"collection":[{"href":"https:\/\/zti.com.tr\/affiliate\/wp-json\/wp\/v2\/pages"}],"about":[{"href":"https:\/\/zti.com.tr\/affiliate\/wp-json\/wp\/v2\/types\/page"}],"author":[{"embeddable":true,"href":"https:\/\/zti.com.tr\/affiliate\/wp-json\/wp\/v2\/users\/1"}],"replies":[{"embeddable":true,"href":"https:\/\/zti.com.tr\/affiliate\/wp-json\/wp\/v2\/comments?post=338"}],"version-history":[{"count":27,"href":"https:\/\/zti.com.tr\/affiliate\/wp-json\/wp\/v2\/pages\/338\/revisions"}],"predecessor-version":[{"id":377,"href":"https:\/\/zti.com.tr\/affiliate\/wp-json\/wp\/v2\/pages\/338\/revisions\/377"}],"wp:attachment":[{"href":"https:\/\/zti.com.tr\/affiliate\/wp-json\/wp\/v2\/media?parent=338"}],"curies":[{"name":"wp","href":"https:\/\/api.w.org\/{rel}","templated":true}]}}