{"id":279,"date":"2018-01-12T07:50:11","date_gmt":"2018-01-12T07:50:11","guid":{"rendered":""},"modified":"2018-05-15T11:44:49","modified_gmt":"2018-05-15T08:44:49","slug":"iletisim","status":"publish","type":"page","link":"https:\/\/zti.com.tr\/affiliate\/iletisim\/","title":{"rendered":"\u0130leti\u015fim"},"content":{"rendered":"<div id=\"pl-279\"  class=\"panel-layout\" ><div id=\"pg-279-0\"  class=\"panel-grid panel-has-style\" ><div class=\"siteorigin-panels-stretch panel-row-style-full-width panel-row-style panel-row-style-for-279-0\" data-stretch-type=\"full\" ><div id=\"pgc-279-0-0\"  class=\"panel-grid-cell\" ><div id=\"panel-279-0-0-0\" class=\"so-panel widget widget_text panel-first-child\" data-index=\"0\" >\t\t\t<div class=\"textwidget\"><h3>SATI\u015e ORTA\u011eIMIZ OLUN<\/h3>\n<p>Kolayca ba\u015fvuru yap\u0131n, hemen sat\u0131\u015fa ba\u015flay\u0131n.<\/p>\n<\/div>\n\t\t<\/div><div id=\"panel-279-0-0-1\" class=\"so-panel widget widget_sow-editor panel-last-child\" data-index=\"1\" ><div class=\"so-widget-sow-editor so-widget-sow-editor-base\">\r\n<div class=\"siteorigin-widget-tinymce textwidget\">\r\n\t<div role=\"form\" class=\"wpcf7\" id=\"wpcf7-f15-o1\" lang=\"tr-TR\" dir=\"ltr\">\n<div class=\"screen-reader-response\"><\/div>\n<form action=\"\/affiliate\/wp-json\/wp\/v2\/pages\/279#wpcf7-f15-o1\" method=\"post\" class=\"wpcf7-form\" novalidate=\"novalidate\">\n<div style=\"display: none;\">\n<input type=\"hidden\" name=\"_wpcf7\" value=\"15\" \/>\n<input type=\"hidden\" name=\"_wpcf7_version\" value=\"5.1.1\" \/>\n<input type=\"hidden\" name=\"_wpcf7_locale\" value=\"tr_TR\" \/>\n<input type=\"hidden\" name=\"_wpcf7_unit_tag\" value=\"wpcf7-f15-o1\" \/>\n<input type=\"hidden\" name=\"_wpcf7_container_post\" value=\"0\" \/>\n<input type=\"hidden\" name=\"g-recaptcha-response\" value=\"\" \/>\n<\/div>\n<p><label>Ad\u0131n\u0131z-Soyad\u0131n\u0131z *<br \/>\n<span class=\"wpcf7-form-control-wrap adsoyad\"><input type=\"text\" name=\"adsoyad\" value=\"\" size=\"40\" class=\"wpcf7-form-control wpcf7-text wpcf7-validates-as-required\" aria-required=\"true\" aria-invalid=\"false\" \/><\/span> <\/label><\/p>\n<p><label> \u015eirket Bilgileri (opsiyonel)<br \/>\n<span class=\"wpcf7-form-control-wrap sirketbilgileri\"><textarea name=\"sirketbilgileri\" cols=\"40\" rows=\"10\" class=\"wpcf7-form-control wpcf7-textarea\" aria-invalid=\"false\"><\/textarea><\/span> <\/label><\/p>\n<p><label> E-Posta *<br \/>\n<span class=\"wpcf7-form-control-wrap email\"><input type=\"email\" name=\"email\" value=\"\" size=\"40\" class=\"wpcf7-form-control wpcf7-text wpcf7-email wpcf7-validates-as-required wpcf7-validates-as-email\" aria-required=\"true\" aria-invalid=\"false\" placeholder=\"eposta@adresi.com\" \/><\/span><\/label><\/p>\n<p><label> Sat\u0131\u015f yap\u0131lmas\u0131 d\u00fc\u015f\u00fcn\u00fclen domain adresi *<br \/>\n<span class=\"wpcf7-form-control-wrap domain\"><input type=\"text\" name=\"domain\" value=\"\" size=\"40\" class=\"wpcf7-form-control wpcf7-text wpcf7-validates-as-required\" aria-required=\"true\" aria-invalid=\"false\" placeholder=\"www.domain.com\" \/><\/span> <\/label><\/p>\n<p><label>Cep telefonu<br \/>\n<span class=\"wpcf7-form-control-wrap CepTelefonu\"><input type=\"tel\" name=\"CepTelefonu\" value=\"\" size=\"40\" class=\"wpcf7-form-control wpcf7-text wpcf7-tel wpcf7-validates-as-tel\" aria-invalid=\"false\" placeholder=\"05XX XXX XX XX\" \/><\/span> <\/label><\/p>\n<p><label>Mesaj\u0131n\u0131z (opsiyonel)<br \/>\n<span class=\"wpcf7-form-control-wrap mesaj\"><textarea name=\"mesaj\" cols=\"40\" rows=\"10\" class=\"wpcf7-form-control wpcf7-textarea\" aria-invalid=\"false\"><\/textarea><\/span> <\/label><\/p>\n<p><button type=\"submit\" value\"G\u00f6nder\">G\u00f6nder<\/button> &nbsp;  <button type=\"reset\" value=\"temizle\">Temizle<\/button><\/p>\n<div class=\"wpcf7-response-output wpcf7-display-none\"><\/div><\/form><\/div>\n<\/div>\r\n<\/div><\/div><\/div><div id=\"pgc-279-0-1\"  class=\"panel-grid-cell\" ><div id=\"panel-279-0-1-0\" class=\"widget_text so-panel widget widget_custom_html panel-first-child\" data-index=\"2\" ><div class=\"textwidget custom-html-widget\"><iframe src=\"https:\/\/www.google.com\/maps\/embed?pb=!1m14!1m8!1m3!1d12048.459743619807!2d28.871209!3d40.978964!3m2!1i1024!2i768!4f13.1!3m3!1m2!1s0x0%3A0x335c1984f5ccf734!2sZTI+Turizm!5e0!3m2!1str!2str!4v1449100189197\" frameborder=\"0\" style=\"border:0\" allowfullscreen=\"\" width=\"100%\" height=\"500\"><\/iframe><\/div><\/div><div id=\"panel-279-0-1-1\" class=\"so-panel widget widget_text panel-last-child\" data-index=\"3\" >\t\t\t<div class=\"textwidget\"><p><strong>Adres :<\/strong><br \/>\nZeytinlik Mh. Yakut Sok. Sinano\u011flu Pasaj\u0131 No: 30\/9 Bak\u0131rk\u00f6y \/ \u0130stanbul<\/p>\n<p><strong>T.<\/strong>\u00a0\u00a0<a href=\"tel:\/\/+902126605034\">0212 660 50 34<\/a>\u00a0 \u00a0veya\u00a0 \u00a0<a href=\"https:\/\/zti.com.tr\/+908508403984\">0850 840 39 84<\/a><br \/>\n<strong>G.\u00a0<\/strong>\u00a0<a href=\"tel:\/\/+905334734533\">0533 473 45 33<\/a><br \/>\n<strong>E.\u00a0<\/strong>\u00a0<a href=\"mailto:mail@zti.com.tr\">mail@zti.com.tr<\/a><\/p>\n<\/div>\n\t\t<\/div><\/div><\/div><\/div><\/div>","protected":false},"excerpt":{"rendered":"<p>SATI\u015e ORTA\u011eIMIZ OLUN Kolayca ba\u015fvuru yap\u0131n, hemen sat\u0131\u015fa ba\u015flay\u0131n. Adres : Zeytinlik Mh. Yakut Sok. Sinano\u011flu Pasaj\u0131 <a href=\"https:\/\/zti.com.tr\/affiliate\/iletisim\/\" class=\"more-link\">Devam\u0131<\/a><\/p>\n","protected":false},"author":1,"featured_media":0,"parent":0,"menu_order":0,"comment_status":"closed","ping_status":"closed","template":"tpl-full-width.php","meta":[],"_links":{"self":[{"href":"https:\/\/zti.com.tr\/affiliate\/wp-json\/wp\/v2\/pages\/279"}],"collection":[{"href":"https:\/\/zti.com.tr\/affiliate\/wp-json\/wp\/v2\/pages"}],"about":[{"href":"https:\/\/zti.com.tr\/affiliate\/wp-json\/wp\/v2\/types\/page"}],"author":[{"embeddable":true,"href":"https:\/\/zti.com.tr\/affiliate\/wp-json\/wp\/v2\/users\/1"}],"replies":[{"embeddable":true,"href":"https:\/\/zti.com.tr\/affiliate\/wp-json\/wp\/v2\/comments?post=279"}],"version-history":[{"count":17,"href":"https:\/\/zti.com.tr\/affiliate\/wp-json\/wp\/v2\/pages\/279\/revisions"}],"predecessor-version":[{"id":542,"href":"https:\/\/zti.com.tr\/affiliate\/wp-json\/wp\/v2\/pages\/279\/revisions\/542"}],"wp:attachment":[{"href":"https:\/\/zti.com.tr\/affiliate\/wp-json\/wp\/v2\/media?parent=279"}],"curies":[{"name":"wp","href":"https:\/\/api.w.org\/{rel}","templated":true}]}}